{"id":14930,"date":"2014-03-19T15:23:11","date_gmt":"2014-03-19T15:23:11","guid":{"rendered":"http:\/\/the7.dream-demo.com\/business\/?page_id=592"},"modified":"2019-12-06T05:37:01","modified_gmt":"2019-12-06T05:37:01","slug":"homepage","status":"publish","type":"page","link":"https:\/\/bee.work\/","title":{"rendered":"Homepage"},"content":{"rendered":"<p>[vc_row type=&#8221;vc_default&#8221; margin_top=&#8221;-50&#8243; bg_type=&#8221;bg_color&#8221; bg_override=&#8221;ex-full&#8221; anchor=&#8221;about&#8221; bg_color_value=&#8221;#efc45c&#8221; css=&#8221;.vc_custom_1574771682850{padding-bottom: 40px !important;}&#8221; el_id=&#8221;services&#8221;][vc_column][ultimate_heading main_heading=&#8221;ABOUT&#8221; main_heading_color=&#8221;#ffffff&#8221; sub_heading_color=&#8221;#adb0b6&#8243; main_heading_font_size=&#8221;desktop:56px;mobile_landscape:40px;&#8221; main_heading_line_height=&#8221;desktop:66px;mobile_landscape:50px;&#8221; sub_heading_font_size=&#8221;desktop:26px;mobile_landscape:20px;&#8221; sub_heading_line_height=&#8221;desktop:36px;mobile_landscape:30px;&#8221;][\/ultimate_heading][\/vc_column][\/vc_row][vc_row type=&#8221;vc_default&#8221; full_width=&#8221;stretch_row&#8221; bg_type=&#8221;bg_color&#8221; seperator_enable=&#8221;seperator_enable_value&#8221; seperator_type=&#8221;triangle_svg_seperator&#8221; seperator_svg_height=&#8221;30&#8243; seperator_shape_background=&#8221;#efc45c&#8221;][vc_column width=&#8221;1\/6&#8243;][\/vc_column][vc_column width=&#8221;2\/3&#8243;][vc_empty_space height=&#8221;52px&#8221;][vc_column_text css=&#8221;.vc_custom_1574769569343{padding-bottom: 50px !important;}&#8221;]<\/p>\n<h4 style=\"text-align: center;\"><span style=\"font-weight: 400;\">Remoteoffice.io is a research project created by Ko\u00e7 University Department of Information Technology and funded by Istanbul Kalk\u0131nma Ajans\u0131. Under the mission of Ko\u00e7 University, &#8220;being a research university in every area&#8221;, and support of VPRD, we started project January 2016. We are planning to create a platform for digital nomads, then we believe more people will become a nomad.<\/span><\/h4>\n<h4 style=\"text-align: center;\"><span style=\"font-weight: 400;\">It is time for a revolution to change our working styles!<\/span><\/h4>\n<p>[\/vc_column_text][\/vc_column][vc_column width=&#8221;1\/6&#8243;][\/vc_column][\/vc_row][vc_row type=&#8221;vc_default&#8221; full_width=&#8221;stretch_row&#8221; margin_top=&#8221;75&#8243; margin_bottom=&#8221;20&#8243; bg_type=&#8221;bg_color&#8221; seperator_enable=&#8221;seperator_enable_value&#8221; seperator_type=&#8221;triangle_svg_seperator&#8221; seperator_svg_height=&#8221;30&#8243; seperator_shape_background=&#8221;#ffffff&#8221; min_height=&#8221;0&#8243; css=&#8221;.vc_custom_1574769612932{padding-top: 30px !important;padding-bottom: 70px !important;background-color: #ffffff !important;}&#8221; bg_color_value=&#8221;#fbfbfb&#8221;][vc_column offset=&#8221;vc_col-lg-6 vc_col-md-6 vc_col-xs-12&#8243;][vc_video][\/vc_column][vc_column offset=&#8221;vc_col-lg-6 vc_col-md-6 vc_col-xs-12&#8243; css=&#8221;.vc_custom_1479919679995{padding-bottom: 30px !important;}&#8221;][ultimate_heading main_heading=&#8221;Create a team, invite people and take control of team with a snap!&#8221; sub_heading_color=&#8221;#adb0b6&#8243; alignment=&#8221;left&#8221; main_heading_font_size=&#8221;desktop:34px;&#8221; main_heading_line_height=&#8221;desktop:44px;&#8221; sub_heading_font_size=&#8221;desktop:20px;&#8221; sub_heading_line_height=&#8221;desktop:32px;&#8221; main_heading_margin=&#8221;margin-bottom:8px;&#8221; sub_heading_margin=&#8221;margin-bottom:25px;&#8221;]<span style=\"font-weight: 400;\">Either is a project or an organisation, you can instantly create a team and invite people then you are ready to start your project.<\/span>[\/ultimate_heading]<a href=\"#\" class=\"btn-shortcode dt-btn-m dt-btn default-btn-color default-btn-hover-color default-btn-bg-color default-btn-bg-hover-color\" id=\"dt-btn-1\"><span>Click to hear more<\/span><\/a>[\/vc_column][\/vc_row][vc_row type=&#8221;vc_default&#8221; full_width=&#8221;stretch_row&#8221; margin_top=&#8221;75&#8243; margin_bottom=&#8221;20&#8243; bg_type=&#8221;bg_color&#8221; seperator_enable=&#8221;seperator_enable_value&#8221; seperator_type=&#8221;triangle_svg_seperator&#8221; seperator_svg_height=&#8221;30&#8243; seperator_shape_background=&#8221;#fbfbfb&#8221; min_height=&#8221;0&#8243; css=&#8221;.vc_custom_1574769292521{padding-top: 90px !important;padding-bottom: 70px !important;background-color: #ffffff !important;}&#8221; bg_color_value=&#8221;#ffffff&#8221;][vc_column offset=&#8221;vc_col-lg-6 vc_col-md-6 vc_col-xs-12&#8243; css=&#8221;.vc_custom_1479919679995{padding-bottom: 30px !important;}&#8221;][ultimate_heading main_heading=&#8221;Monitor team real time!&#8221; sub_heading_color=&#8221;#adb0b6&#8243; alignment=&#8221;left&#8221; main_heading_font_size=&#8221;desktop:34px;&#8221; main_heading_line_height=&#8221;desktop:44px;&#8221; sub_heading_font_size=&#8221;desktop:20px;&#8221; sub_heading_line_height=&#8221;desktop:32px;&#8221; main_heading_margin=&#8221;margin-bottom:8px;&#8221; sub_heading_margin=&#8221;margin-bottom:25px;&#8221;]<span style=\"font-weight: 400;\">You can track what people are working on, precisely estimate the time and cost of projects. You can check time-sheets and pay.<\/span>[\/ultimate_heading]<a href=\"#\" class=\"btn-shortcode dt-btn-m dt-btn default-btn-color default-btn-hover-color default-btn-bg-color default-btn-bg-hover-color\" id=\"dt-btn-2\"><span>Checkout integrations<\/span><\/a>[\/vc_column][vc_column offset=&#8221;vc_col-lg-6 vc_col-md-6 vc_col-xs-12&#8243;][vc_video][\/vc_column][\/vc_row][vc_row type=&#8221;vc_default&#8221; full_width=&#8221;stretch_row&#8221; margin_top=&#8221;75&#8243; margin_bottom=&#8221;20&#8243; bg_type=&#8221;bg_color&#8221; seperator_enable=&#8221;seperator_enable_value&#8221; seperator_type=&#8221;triangle_svg_seperator&#8221; seperator_svg_height=&#8221;30&#8243; seperator_shape_background=&#8221;#ffffff&#8221; min_height=&#8221;0&#8243; css=&#8221;.vc_custom_1574769344167{padding-top: 90px !important;padding-bottom: 70px !important;background-color: #ffffff !important;}&#8221; bg_color_value=&#8221;#fbfbfb&#8221;][vc_column offset=&#8221;vc_col-lg-6 vc_col-md-6 vc_col-xs-12&#8243;][vc_video][\/vc_column][vc_column offset=&#8221;vc_col-lg-6 vc_col-md-6 vc_col-xs-12&#8243; css=&#8221;.vc_custom_1479919679995{padding-bottom: 30px !important;}&#8221;][ultimate_heading main_heading=&#8221;Integrations with industry tools make life easier!&#8221; sub_heading_color=&#8221;#adb0b6&#8243; alignment=&#8221;left&#8221; main_heading_font_size=&#8221;desktop:34px;&#8221; main_heading_line_height=&#8221;desktop:44px;&#8221; sub_heading_font_size=&#8221;desktop:20px;&#8221; sub_heading_line_height=&#8221;desktop:32px;&#8221; main_heading_margin=&#8221;margin-bottom:8px;&#8221; sub_heading_margin=&#8221;margin-bottom:25px;&#8221;]<span style=\"font-weight: 400;\">Integration with Jira, Trello and Slack makes life easier for your team.<\/span>[\/ultimate_heading]<a href=\"#\" class=\"btn-shortcode dt-btn-m dt-btn default-btn-color default-btn-hover-color default-btn-bg-color default-btn-bg-hover-color\" id=\"dt-btn-3\"><span>See other features<\/span><\/a>[\/vc_column][\/vc_row][vc_row type=&#8221;vc_default&#8221; margin_top=&#8221;-50&#8243; bg_type=&#8221;bg_color&#8221; bg_override=&#8221;ex-full&#8221; anchor=&#8221;about&#8221; bg_color_value=&#8221;#efc45c&#8221; css=&#8221;.vc_custom_1574771719236{padding-bottom: 40px !important;}&#8221;][vc_column][ultimate_heading main_heading=&#8221;FACTS&#8221; main_heading_color=&#8221;#ffffff&#8221; sub_heading_color=&#8221;#adb0b6&#8243; main_heading_font_size=&#8221;desktop:56px;mobile_landscape:40px;&#8221; main_heading_line_height=&#8221;desktop:66px;mobile_landscape:50px;&#8221; sub_heading_font_size=&#8221;desktop:26px;mobile_landscape:20px;&#8221; sub_heading_line_height=&#8221;desktop:36px;mobile_landscape:30px;&#8221;][\/ultimate_heading][\/vc_column][\/vc_row][vc_row type=&#8221;vc_default&#8221; full_width=&#8221;stretch_row&#8221; bg_type=&#8221;bg_color&#8221; seperator_enable=&#8221;seperator_enable_value&#8221; seperator_type=&#8221;triangle_svg_seperator&#8221; seperator_svg_height=&#8221;30&#8243; seperator_shape_background=&#8221;#efc45c&#8221; bg_color_value=&#8221;#ffffff&#8221;][vc_column][vc_empty_space][\/vc_column][\/vc_row][vc_row type=&#8221;vc_default&#8221; full_width=&#8221;stretch_row&#8221; bg_type=&#8221;bg_color&#8221; bg_color_value=&#8221;#ffffff&#8221;][vc_column width=&#8221;1\/4&#8243;][ultimate_heading main_heading=&#8221;Smart Application&#8221; sub_heading_line_height=&#8221;desktop:26px;&#8221; main_heading_margin=&#8221;margin-bottom:12px;&#8221; main_heading_font_size=&#8221;desktop:18px;&#8221; main_heading_line_height=&#8221;desktop:30px;&#8221; el_class=&#8221;accent-border-color&#8221; main_heading_style=&#8221;font-weight:bold;&#8221;]<span style=\"font-weight: 400;\">Installed on team members makes remoteoffice.io more reliable then others.<\/span>[\/ultimate_heading][\/vc_column][vc_column width=&#8221;1\/4&#8243;][ultimate_heading main_heading=&#8221;Exam Mode&#8221; sub_heading_line_height=&#8221;desktop:26px;&#8221; main_heading_margin=&#8221;margin-bottom:12px;&#8221; main_heading_font_size=&#8221;desktop:18px;&#8221; main_heading_line_height=&#8221;desktop:30px;&#8221; el_class=&#8221;accent-border-color&#8221; main_heading_style=&#8221;font-weight:bold;&#8221;]<span style=\"font-weight: 400;\">Extended Exam mode can be used to make tests and exams.<\/span>[\/ultimate_heading][\/vc_column][vc_column width=&#8221;1\/4&#8243;][ultimate_heading main_heading=&#8221;Smooth and Easy Dashboard&#8221; sub_heading_line_height=&#8221;desktop:26px;&#8221; main_heading_margin=&#8221;margin-bottom:12px;&#8221; main_heading_font_size=&#8221;desktop:18px;&#8221; main_heading_line_height=&#8221;desktop:30px;&#8221; el_class=&#8221;accent-border-color&#8221; main_heading_style=&#8221;font-weight:bold;&#8221;]<span style=\"font-weight: 400;\">Browse through tasks and reports.<\/span>[\/ultimate_heading][\/vc_column][vc_column width=&#8221;1\/4&#8243;][ultimate_heading main_heading=&#8221;Smart Reporting&#8221; sub_heading_line_height=&#8221;desktop:26px;&#8221; main_heading_margin=&#8221;margin-bottom:12px;&#8221; main_heading_font_size=&#8221;desktop:18px;&#8221; main_heading_line_height=&#8221;desktop:30px;&#8221; el_class=&#8221;accent-border-color&#8221; main_heading_style=&#8221;font-weight:bold;&#8221;]<span style=\"font-weight: 400;\">Team and financial insights makes your life easier.<\/span>[\/ultimate_heading][\/vc_column][\/vc_row][vc_row type=&#8221;vc_default&#8221; full_width=&#8221;stretch_row&#8221; bg_type=&#8221;bg_color&#8221; bg_color_value=&#8221;#ffffff&#8221;][vc_column][vc_empty_space][\/vc_column][\/vc_row][vc_row type=&#8221;vc_default&#8221; margin_top=&#8221;-50&#8243; bg_type=&#8221;bg_color&#8221; bg_override=&#8221;ex-full&#8221; anchor=&#8221;about&#8221; bg_color_value=&#8221;#efc45c&#8221; css=&#8221;.vc_custom_1574771704377{padding-bottom: 40px !important;}&#8221;][vc_column offset=&#8221;vc_col-lg-offset-0 vc_col-lg-12 vc_col-md-offset-0 vc_col-md-12 vc_col-sm-offset-0&#8243;][ultimate_heading main_heading=&#8221;OUR CLIENTS&#8221; main_heading_color=&#8221;#ffffff&#8221; sub_heading_color=&#8221;#ffffff&#8221; main_heading_font_size=&#8221;desktop:56px;mobile_landscape:40px;&#8221; main_heading_line_height=&#8221;desktop:66px;mobile_landscape:50px;&#8221; sub_heading_font_size=&#8221;desktop:26px;mobile_landscape:20px;&#8221; sub_heading_line_height=&#8221;desktop:36px;mobile_landscape:30px;&#8221;]We Have Great Team And Of Course Working Remotely[\/ultimate_heading][\/vc_column][\/vc_row][vc_row type=&#8221;vc_default&#8221; full_width=&#8221;stretch_row&#8221; equal_height=&#8221;yes&#8221; margin_top=&#8221;55&#8243; margin_bottom=&#8221;5&#8243; bg_type=&#8221;bg_color&#8221; seperator_enable=&#8221;seperator_enable_value&#8221; seperator_type=&#8221;triangle_svg_seperator&#8221; seperator_svg_height=&#8221;30&#8243; seperator_shape_background=&#8221;#efc45c&#8221; css=&#8221;.vc_custom_1574769399213{padding-top: 100px !important;padding-bottom: 95px !important;background-color: #ffffff !important;}&#8221; bg_color_value=&#8221;#fbfbfb&#8221;][vc_column width=&#8221;1\/2&#8243; css=&#8221;.vc_custom_1479031351975{padding-bottom: 65px !important;}&#8221;][vc_row_inner equal_height=&#8221;yes&#8221;][vc_column_inner width=&#8221;1\/2&#8243; offset=&#8221;vc_col-lg-5 vc_col-md-6 vc_col-xs-6&#8243; css=&#8221;.vc_custom_1478885230439{padding-bottom: 35px !important;}&#8221;][vc_single_image image=&#8221;14953&#8243; img_size=&#8221;300&#215;300&#8243; alignment=&#8221;center&#8221; lazy_loading=&#8221;true&#8221;][\/vc_column_inner][vc_column_inner width=&#8221;1\/2&#8243; offset=&#8221;vc_col-lg-7 vc_col-md-6 vc_col-xs-12&#8243; css=&#8221;.vc_custom_1574769428489{padding-top: 25px !important;}&#8221;][ultimate_heading main_heading=&#8221;Adil At\u0131lgan&#8221; sub_heading_color=&#8221;#adb0b6&#8243; alignment=&#8221;left&#8221; main_heading_font_size=&#8221;desktop:26px;&#8221; main_heading_line_height=&#8221;desktop:36px;&#8221; sub_heading_font_size=&#8221;desktop:18px;&#8221; sub_heading_line_height=&#8221;desktop:28px;&#8221; main_heading_margin=&#8221;margin-bottom:4px;&#8221; sub_heading_margin=&#8221;margin-bottom:15px;&#8221;]Founder &amp; Project manager[\/ultimate_heading][\/vc_column_inner][\/vc_row_inner][\/vc_column][vc_column width=&#8221;1\/2&#8243; css=&#8221;.vc_custom_1479031356622{padding-bottom: 65px !important;}&#8221;][vc_row_inner equal_height=&#8221;yes&#8221;][vc_column_inner width=&#8221;1\/2&#8243; offset=&#8221;vc_col-lg-5 vc_col-md-6 vc_col-xs-6&#8243; css=&#8221;.vc_custom_1478885230439{padding-bottom: 35px !important;}&#8221;][vc_single_image image=&#8221;14956&#8243; img_size=&#8221;300&#215;300&#8243; alignment=&#8221;center&#8221; lazy_loading=&#8221;true&#8221;][\/vc_column_inner][vc_column_inner width=&#8221;1\/2&#8243; offset=&#8221;vc_col-lg-7 vc_col-md-6 vc_col-xs-12&#8243; css=&#8221;.vc_custom_1574769434219{padding-top: 25px !important;}&#8221;][ultimate_heading main_heading=&#8221;Marcus Anthony Cuda&#8221; sub_heading_color=&#8221;#adb0b6&#8243; alignment=&#8221;left&#8221; main_heading_font_size=&#8221;desktop:26px;&#8221; main_heading_line_height=&#8221;desktop:36px;&#8221; sub_heading_font_size=&#8221;desktop:18px;&#8221; sub_heading_line_height=&#8221;desktop:28px;&#8221; sub_heading_margin=&#8221;margin-bottom:15px;&#8221; main_heading_margin=&#8221;margin-bottom:4px;&#8221;]Team Lead Engineering[\/ultimate_heading][\/vc_column_inner][\/vc_row_inner][\/vc_column][vc_column css=&#8221;.vc_custom_1479033056847{padding-top: 25px !important;}&#8221;][ultimate_carousel slide_to_scroll=&#8221;single&#8221; slides_on_mob=&#8221;1&#8243; speed=&#8221;700&#8243; autoplay_speed=&#8221;7000&#8243; arrow_color=&#8221;rgba(173,176,182,0.6)&#8221; arrow_size=&#8221;32&#8243; dots=&#8221;off&#8221; css_ad_caraousel=&#8221;.vc_custom_1479031180654{margin-top: 0px !important;margin-bottom: 0px !important;padding-top: 0px !important;padding-right: 5px !important;padding-bottom: 0px !important;padding-left: 5px !important;}&#8221;][vc_row_inner][vc_column_inner][vc_single_image image=&#8221;14957&#8243; img_size=&#8221;200&#215;200&#8243; alignment=&#8221;center&#8221; lazy_loading=&#8221;true&#8221; css=&#8221;.vc_custom_1574761172643{padding-right: 25% !important;padding-bottom: 20px !important;padding-left: 25% !important;}&#8221;][ultimate_heading main_heading=&#8221;\u00d6zg\u00fcr \u00c7imen&#8221; main_heading_color=&#8221;#adb0b6&#8243; sub_heading_font_size=&#8221;desktop:16px;&#8221; sub_heading_line_height=&#8221;desktop:28px;&#8221; sub_heading_margin=&#8221;margin-bottom:0px;&#8221; main_heading_font_size=&#8221;desktop:12px;&#8221; main_heading_line_height=&#8221;desktop:24px;&#8221; sub_heading_style=&#8221;font-weight:bold;&#8221; el_class=&#8221;color-title accent-icon-color&#8221;]Full Stack Engineer[\/ultimate_heading][\/vc_column_inner][\/vc_row_inner][vc_row_inner][vc_column_inner][vc_single_image image=&#8221;14958&#8243; img_size=&#8221;200&#215;200&#8243; alignment=&#8221;center&#8221; lazy_loading=&#8221;true&#8221; css=&#8221;.vc_custom_1574761218583{padding-right: 25% !important;padding-bottom: 20px !important;padding-left: 25% !important;}&#8221;][ultimate_heading main_heading=&#8221;G\u00f6khan Acer&#8221; main_heading_color=&#8221;#adb0b6&#8243; sub_heading_font_size=&#8221;desktop:16px;&#8221; sub_heading_line_height=&#8221;desktop:28px;&#8221; sub_heading_margin=&#8221;margin-bottom:0px;&#8221; main_heading_font_size=&#8221;desktop:12px;&#8221; main_heading_line_height=&#8221;desktop:24px;&#8221; sub_heading_style=&#8221;font-weight:bold;&#8221; el_class=&#8221;color-title accent-icon-color&#8221;]C++ Engineer[\/ultimate_heading][\/vc_column_inner][\/vc_row_inner][vc_row_inner][vc_column_inner][vc_single_image image=&#8221;14959&#8243; img_size=&#8221;200&#215;200&#8243; alignment=&#8221;center&#8221; lazy_loading=&#8221;true&#8221; css=&#8221;.vc_custom_1574761265989{padding-right: 25% !important;padding-bottom: 20px !important;padding-left: 25% !important;}&#8221;][ultimate_heading main_heading=&#8221;Umut D\u00f6nmez&#8221; main_heading_color=&#8221;#adb0b6&#8243; sub_heading_font_size=&#8221;desktop:16px;&#8221; sub_heading_line_height=&#8221;desktop:28px;&#8221; sub_heading_margin=&#8221;margin-bottom:0px;&#8221; main_heading_font_size=&#8221;desktop:12px;&#8221; main_heading_line_height=&#8221;desktop:24px;&#8221; sub_heading_style=&#8221;font-weight:bold;&#8221; el_class=&#8221;color-title accent-icon-color&#8221;]Backend Engineer[\/ultimate_heading][\/vc_column_inner][\/vc_row_inner][vc_row_inner][vc_column_inner][vc_single_image image=&#8221;14960&#8243; img_size=&#8221;200&#215;200&#8243; alignment=&#8221;center&#8221; lazy_loading=&#8221;true&#8221; css=&#8221;.vc_custom_1574761316581{padding-right: 25% !important;padding-bottom: 20px !important;padding-left: 25% !important;}&#8221;][ultimate_heading main_heading=&#8221;Ulu\u00e7 \u015eengil&#8221; main_heading_color=&#8221;#adb0b6&#8243; sub_heading_font_size=&#8221;desktop:16px;&#8221; sub_heading_line_height=&#8221;desktop:28px;&#8221; sub_heading_margin=&#8221;margin-bottom:0px;&#8221; main_heading_font_size=&#8221;desktop:12px;&#8221; main_heading_line_height=&#8221;desktop:24px;&#8221; sub_heading_style=&#8221;font-weight:bold;&#8221; el_class=&#8221;color-title accent-icon-color&#8221;]Full Stack Engineer[\/ultimate_heading][\/vc_column_inner][\/vc_row_inner][vc_row_inner][vc_column_inner][vc_single_image image=&#8221;14961&#8243; img_size=&#8221;200&#215;200&#8243; alignment=&#8221;center&#8221; lazy_loading=&#8221;true&#8221; css=&#8221;.vc_custom_1574761358094{padding-right: 25% !important;padding-bottom: 20px !important;padding-left: 25% !important;}&#8221;][ultimate_heading main_heading=&#8221;Mert Pamuk\u00e7u&#8221; main_heading_color=&#8221;#adb0b6&#8243; sub_heading_font_size=&#8221;desktop:16px;&#8221; sub_heading_line_height=&#8221;desktop:28px;&#8221; sub_heading_margin=&#8221;margin-bottom:0px;&#8221; main_heading_font_size=&#8221;desktop:12px;&#8221; main_heading_line_height=&#8221;desktop:24px;&#8221; sub_heading_style=&#8221;font-weight:bold;&#8221; el_class=&#8221;color-title accent-icon-color&#8221;]DevOps Engineer[\/ultimate_heading][\/vc_column_inner][\/vc_row_inner][vc_row_inner][vc_column_inner][vc_single_image image=&#8221;14962&#8243; img_size=&#8221;200&#215;200&#8243; alignment=&#8221;center&#8221; lazy_loading=&#8221;true&#8221; css=&#8221;.vc_custom_1574761405211{padding-right: 25% !important;padding-bottom: 20px !important;padding-left: 25% !important;}&#8221;][ultimate_heading main_heading=&#8221;Damla Yazar&#8221; main_heading_color=&#8221;#adb0b6&#8243; sub_heading_font_size=&#8221;desktop:16px;&#8221; sub_heading_line_height=&#8221;desktop:28px;&#8221; sub_heading_margin=&#8221;margin-bottom:0px;&#8221; main_heading_font_size=&#8221;desktop:12px;&#8221; main_heading_line_height=&#8221;desktop:24px;&#8221; sub_heading_style=&#8221;font-weight:bold;&#8221; el_class=&#8221;color-title accent-icon-color&#8221;]Project Office[\/ultimate_heading][\/vc_column_inner][\/vc_row_inner][\/ultimate_carousel][\/vc_column][\/vc_row][vc_row type=&#8221;vc_default&#8221; bg_type=&#8221;bg_color&#8221; bg_override=&#8221;ex-full&#8221; seperator_enable=&#8221;seperator_enable_value&#8221; seperator_type=&#8221;triangle_svg_seperator&#8221; seperator_svg_height=&#8221;30&#8243; seperator_shape_background=&#8221;#fbfbfb&#8221; css=&#8221;.vc_custom_1574769830887{padding-top: 10px !important;padding-bottom: 10px !important;background-color: #ffffff !important;}&#8221; bg_color_value=&#8221;#ffffff&#8221;][vc_column offset=&#8221;vc_col-lg-offset-0 vc_col-md-offset-0 vc_col-sm-offset-0 vc_col-xs-12&#8243;][vc_row_inner][vc_column_inner width=&#8221;1\/3&#8243;][vc_single_image image=&#8221;14968&#8243; img_size=&#8221;full&#8221;][\/vc_column_inner][vc_column_inner width=&#8221;1\/3&#8243;][vc_single_image image=&#8221;14970&#8243; img_size=&#8221;full&#8221;][\/vc_column_inner][vc_column_inner width=&#8221;1\/3&#8243;][vc_single_image image=&#8221;14969&#8243; img_size=&#8221;full&#8221;][\/vc_column_inner][\/vc_row_inner][\/vc_column][\/vc_row][vc_row type=&#8221;vc_default&#8221; full_width=&#8221;stretch_row&#8221; equal_height=&#8221;yes&#8221; margin_top=&#8221;75&#8243; margin_bottom=&#8221;-20&#8243; bg_type=&#8221;bg_color&#8221; seperator_enable=&#8221;seperator_enable_value&#8221; seperator_type=&#8221;triangle_svg_seperator&#8221; seperator_svg_height=&#8221;30&#8243; seperator_shape_background=&#8221;#ffffff&#8221; css=&#8221;.vc_custom_1574769476657{padding-top: 95px !important;padding-bottom: 80px !important;background-color: #ffffff !important;}&#8221; bg_color_value=&#8221;#efc45c&#8221;][vc_column css=&#8221;.vc_custom_1479032696835{padding-bottom: 40px !important;}&#8221; offset=&#8221;vc_col-lg-offset-1 vc_col-lg-10 vc_col-md-offset-0 vc_col-md-12 vc_col-sm-offset-0&#8243;][ultimate_heading main_heading=&#8221;Bu web sitesi \u0130stanbul Kalk\u0131nma Ajans\u0131&#8217;n\u0131n destekledi\u011fi Uzaktan \u00c7al\u0131\u015fan Personeller i\u00e7in \u00c7evrimi\u00e7i \/ \u00c7evrimd\u0131\u015f\u0131 Puantaj Defteri Uygulamas\u0131 ve Devam Kontrol Sistemi kapsam\u0131nda haz\u0131rlanm\u0131\u015ft\u0131r. \u0130\u00e7erik ile ilgili tek sorumluluk (yararlan\u0131c\u0131 \/ ortaklar \/ y\u00fckleniciler)&#8217; a ait olup \u0130STKA ve T.C.Kalk\u0131nma Bakanl\u0131\u011f\u0131&#8217;n\u0131n g\u00f6r\u00fc\u015flerini yans\u0131tmamaktad\u0131r.&#8221; main_heading_font_size=&#8221;desktop:24px;&#8221; main_heading_line_height=&#8221;desktop:42px;&#8221; main_heading_margin=&#8221;margin-bottom:25px;&#8221;][\/ultimate_heading][\/vc_column][\/vc_row]<\/p>\n","protected":false},"excerpt":{"rendered":"<p>[vc_row type=&#8221;vc_default&#8221; margin_top=&#8221;-50&#8243; bg_type=&#8221;bg_color&#8221; bg_override=&#8221;ex-full&#8221; anchor=&#8221;about&#8221; bg_color_value=&#8221;#efc45c&#8221; css=&#8221;.vc_custom_1574771682850{padding-bottom: 40px !important;}&#8221; el_id=&#8221;services&#8221;][vc_column][ultimate_heading main_heading=&#8221;ABOUT&#8221; main_heading_color=&#8221;#ffffff&#8221; sub_heading_color=&#8221;#adb0b6&#8243; main_heading_font_size=&#8221;desktop:56px;mobile_landscape:40px;&#8221; main_heading_line_height=&#8221;desktop:66px;mobile_landscape:50px;&#8221; sub_heading_font_size=&#8221;desktop:26px;mobile_landscape:20px;&#8221; sub_heading_line_height=&#8221;desktop:36px;mobile_landscape:30px;&#8221;][\/ultimate_heading][\/vc_column][\/vc_row][vc_row type=&#8221;vc_default&#8221; full_width=&#8221;stretch_row&#8221; bg_type=&#8221;bg_color&#8221; seperator_enable=&#8221;seperator_enable_value&#8221; seperator_type=&#8221;triangle_svg_seperator&#8221; seperator_svg_height=&#8221;30&#8243; seperator_shape_background=&#8221;#efc45c&#8221;][vc_column width=&#8221;1\/6&#8243;][\/vc_column][vc_column width=&#8221;2\/3&#8243;][vc_empty_space height=&#8221;52px&#8221;][vc_column_text css=&#8221;.vc_custom_1574769569343{padding-bottom: 50px !important;}&#8221;] Remoteoffice.io is a research project created by Ko\u00e7 University Department of Information Technology and funded by Istanbul Kalk\u0131nma Ajans\u0131. Under the mission of Ko\u00e7&hellip;<\/p>\n","protected":false},"author":1,"featured_media":0,"parent":0,"menu_order":1,"comment_status":"closed","ping_status":"closed","template":"template-microsite.php","meta":[],"class_list":["post-14930","page","type-page","status-publish","hentry","description-off"],"_links":{"self":[{"href":"https:\/\/bee.work\/index.php?rest_route=\/wp\/v2\/pages\/14930","targetHints":{"allow":["GET"]}}],"collection":[{"href":"https:\/\/bee.work\/index.php?rest_route=\/wp\/v2\/pages"}],"about":[{"href":"https:\/\/bee.work\/index.php?rest_route=\/wp\/v2\/types\/page"}],"author":[{"embeddable":true,"href":"https:\/\/bee.work\/index.php?rest_route=\/wp\/v2\/users\/1"}],"replies":[{"embeddable":true,"href":"https:\/\/bee.work\/index.php?rest_route=%2Fwp%2Fv2%2Fcomments&post=14930"}],"version-history":[{"count":75,"href":"https:\/\/bee.work\/index.php?rest_route=\/wp\/v2\/pages\/14930\/revisions"}],"predecessor-version":[{"id":15054,"href":"https:\/\/bee.work\/index.php?rest_route=\/wp\/v2\/pages\/14930\/revisions\/15054"}],"wp:attachment":[{"href":"https:\/\/bee.work\/index.php?rest_route=%2Fwp%2Fv2%2Fmedia&parent=14930"}],"curies":[{"name":"wp","href":"https:\/\/api.w.org\/{rel}","templated":true}]}}